{"id":2641,"date":"2025-04-10T18:51:52","date_gmt":"2025-04-10T18:51:52","guid":{"rendered":"http:\/\/localhost\/xopifier\/nuestro-metodo\/"},"modified":"2026-03-10T00:13:40","modified_gmt":"2026-03-10T00:13:40","slug":"nuestro-metodo","status":"publish","type":"page","link":"https:\/\/www.xopifier.com\/en\/nuestro-metodo\/","title":{"rendered":"Our Method"},"content":{"rendered":"\n<div class=\"wp-block-columns container is-layout-flex wp-container-core-columns-is-layout-9d6595d7 wp-block-columns-is-layout-flex\">\n<div class=\"wp-block-column is-layout-flow wp-block-column-is-layout-flow\">\n<div style=\"height:100px\" aria-hidden=\"true\" class=\"wp-block-spacer price-top-separator\"><\/div>\n\n\n\n<h3 class=\"wp-block-heading has-text-align-center fade-up fw-bold has-text-color has-link-color wp-elements-3f10e19dec3ad80c9bd84c3d99dbaa16\" style=\"color:#00b231\">How Xopifier Works<\/h3>\n\n\n\n<h1 class=\"wp-block-heading has-text-align-center fade-up fw-bold has-text-color has-link-color wp-elements-10814b36d60b2854f94c1ce866373ae7\" style=\"color:#1d1d1f;font-size:56px\">A simple, guided, stress-free process to launch your Shopify store<\/h1>\n<\/div>\n<\/div>\n\n\n\n<div class=\"wp-block-cp-timeline-content-timeline-block Cool-Content-Timeline\"><div class=\"cool-timeline-block-b94251bb-3d34-4fe0-b8f3-dff8caa9f038\"><style>.cool-timeline-block-b94251bb-3d34-4fe0-b8f3-dff8caa9f038 .cool-vertical-timeline-body{--ctlb-icon-color: #ffffff;--ctlb-line-color: #00b231;--ctlb-icon-bg: #00b231;--ctlb-story-border-color: #00b231;}<\/style><div class=\"cool-vertical-timeline-body ctlb-wrapper both-sided left\"><div class=\"cool-timeline-block-list\">\n<div class=\"wp-block-cp-timeline-content-timeline-block-child swiper-slide\"><div class=\"timeline-content icon-false \"><div class=\"timeline-block-timeline ctl-row  position-left\"><div class=\"ctl-6 timeline-block-time\"><div class=\"story-time\"><p>1<\/p><\/div><\/div><div class=\"timeline-block-icon\"><svg stroke=\"currentColor\" fill=\"currentColor\" stroke-width=\"0\" viewBox=\"0 0 512 512\" height=\"1em\" width=\"1em\" xmlns=\"http:\/\/www.w3.org\/2000\/svg\"><path d=\"M256 8C119 8 8 119 8 256s111 248 248 248 248-111 248-248S393 8 256 8z\"><\/path><\/svg><\/div><div class=\"ctl-6 timeline-block-detail\"><div class=\"story-details\"><div class=\"story-content\">\n<h3 class=\"wp-block-heading ctlb-block-title\" style=\"padding-top:0px;padding-right:0px;padding-bottom:0px;padding-left:0px\">Initial Questionnaire<\/h3>\n\n\n\n<p>Answer our <em>Smart Quiz<\/em> with key details about your store like name, description, logo, and a few products. In just minutes, you\u2019ll get the estimated cost of your <a href=\"https:\/\/www.xopifier.com\/en\/tu-tienda-1-0\/\" data-type=\"page\" data-id=\"2640\"><strong>Store 1.0<\/strong><\/a>.<\/p>\n<\/div><\/div><\/div><\/div><\/div><\/div>\n\n\n\n<div class=\"wp-block-cp-timeline-content-timeline-block-child swiper-slide\"><div class=\"timeline-content icon-false \"><div class=\"timeline-block-timeline ctl-row  position-right\"><div class=\"ctl-6 timeline-block-time\"><div class=\"story-time\"><p>2<\/p><\/div><\/div><div class=\"timeline-block-icon\"><svg stroke=\"currentColor\" fill=\"currentColor\" stroke-width=\"0\" viewBox=\"0 0 512 512\" height=\"1em\" width=\"1em\" xmlns=\"http:\/\/www.w3.org\/2000\/svg\"><path d=\"M256 8C119 8 8 119 8 256s111 248 248 248 248-111 248-248S393 8 256 8z\"><\/path><\/svg><\/div><div class=\"ctl-6 timeline-block-detail\"><div class=\"story-details\"><div class=\"story-content\">\n<h3 class=\"wp-block-heading ctlb-block-title\" style=\"padding-top:0px;padding-right:0px;padding-bottom:0px;padding-left:0px\">Design Proposal Selection<\/h3>\n\n\n\n<p>Within a few days, you\u2019ll receive two store design proposals. Choose the one you like most and, if you have any comments, we\u2019ll incorporate them before moving to the next step.<\/p>\n<\/div><\/div><\/div><\/div><\/div><\/div>\n\n\n\n<div class=\"wp-block-cp-timeline-content-timeline-block-child swiper-slide\"><div class=\"timeline-content icon-false \"><div class=\"timeline-block-timeline ctl-row  position-left\"><div class=\"ctl-6 timeline-block-time\"><div class=\"story-time\"><p>3<\/p><\/div><\/div><div class=\"timeline-block-icon\"><svg stroke=\"currentColor\" fill=\"currentColor\" stroke-width=\"0\" viewBox=\"0 0 512 512\" height=\"1em\" width=\"1em\" xmlns=\"http:\/\/www.w3.org\/2000\/svg\"><path d=\"M256 8C119 8 8 119 8 256s111 248 248 248 248-111 248-248S393 8 256 8z\"><\/path><\/svg><\/div><div class=\"ctl-6 timeline-block-detail\"><div class=\"story-details\"><div class=\"story-content\">\n<h3 class=\"wp-block-heading ctlb-block-title\" style=\"padding-top:0px;padding-right:0px;padding-bottom:0px;padding-left:0px\">Store Details<\/h3>\n\n\n\n<p>Complete a guided form with your store\u2019s details: products, categories, and more. You can also choose extra options like languages, blog, or additional sections.<\/p>\n<\/div><\/div><\/div><\/div><\/div><\/div>\n\n\n\n<div class=\"wp-block-cp-timeline-content-timeline-block-child swiper-slide\"><div class=\"timeline-content icon-false \"><div class=\"timeline-block-timeline ctl-row  position-right\"><div class=\"ctl-6 timeline-block-time\"><div class=\"story-time\"><p>4<\/p><\/div><\/div><div class=\"timeline-block-icon\"><svg stroke=\"currentColor\" fill=\"currentColor\" stroke-width=\"0\" viewBox=\"0 0 512 512\" height=\"1em\" width=\"1em\" xmlns=\"http:\/\/www.w3.org\/2000\/svg\"><path d=\"M256 8C119 8 8 119 8 256s111 248 248 248 248-111 248-248S393 8 256 8z\"><\/path><\/svg><\/div><div class=\"ctl-6 timeline-block-detail\"><div class=\"story-details\"><div class=\"story-content\">\n<h3 class=\"wp-block-heading ctlb-block-title\" style=\"padding-top:0px;padding-right:0px;padding-bottom:0px;padding-left:0px\">Final Approval<\/h3>\n\n\n\n<p>We\u2019ll build and configure your store with private access so you can preview how it will look live. You\u2019ll be able to request changes before making the final payment.<\/p>\n<\/div><\/div><\/div><\/div><\/div><\/div>\n\n\n\n<div class=\"wp-block-cp-timeline-content-timeline-block-child swiper-slide\"><div class=\"timeline-content icon-true \"><div class=\"timeline-block-timeline ctl-row  position-left\"><div class=\"ctl-6 timeline-block-time\"><\/div><div class=\"timeline-block-icon\"><span class=\"timeline-block-render-icon\" style=\"fill:white\"><div class=\"iconpicker-item\" style=\"font-size:24px;color:white;padding:2px\"><svg stroke=\"currentColor\" fill=\"currentColor\" stroke-width=\"0\" viewBox=\"0 0 512 512\" height=\"1em\" width=\"1em\" xmlns=\"http:\/\/www.w3.org\/2000\/svg\"><path d=\"M173.898 439.404l-166.4-166.4c-9.997-9.997-9.997-26.206 0-36.204l36.203-36.204c9.997-9.998 26.207-9.998 36.204 0L192 312.69 432.095 72.596c9.997-9.997 26.207-9.997 36.204 0l36.203 36.204c9.997 9.997 9.997 26.206 0 36.204l-294.4 294.401c-9.998 9.997-26.207 9.997-36.204-.001z\"><\/path><\/svg><\/div><\/span><\/div><div class=\"ctl-6 timeline-block-detail\"><div class=\"story-details\"><div class=\"story-content\">\n<h3 class=\"wp-block-heading ctlb-block-title\" style=\"padding-top:0px;padding-right:0px;padding-bottom:0px;padding-left:0px\">Your <a href=\"https:\/\/www.xopifier.com\/en\/tu-tienda-1-0\/\" data-type=\"page\" data-id=\"2640\">Store 1.0<\/a> on Shopify!<\/h3>\n\n\n\n<p>Your store will be ready on your domain (e.g., \u201cyour-store-name.com\u201d). You\u2019ll just need to set up payment and shipping methods to go live. Don\u2019t worry, we\u2019ll guide you through it step by step.<\/p>\n<\/div><\/div><\/div><\/div><\/div><\/div>\n<\/div><\/div><\/div><\/div>\n\n\n\n<div style=\"height:130px\" aria-hidden=\"true\" class=\"wp-block-spacer timeline-padding-bottom\"><\/div>\n\n\n<div id=\"startnow\" class=\"price-block container-fluid px-0 style-1\">\n\n    <div class=\"row\">\n\n        <div class=\"col-12\">\n            <div class=\"container px-md-0 px-sm-auto px-auto\">\n                <div class=\"row position-relative\">\n                    <div data-aos=\"fade-up\" class=\"col-md-10 col-sm-12 col-12 offset-md-1 offset-sm-0 offset-0 d-flex flex-column justify-content-center align-items-center text-center\">\n                        <h2>Start today with Xopifier<\/h2>\n                                                    <p>Take the first big step to make your Shopify store a reality. <br>Activate the service now for just $120<\/p>\n                                            <\/div>\n\n                    <div data-aos=\"fade-up\" class=\"col-12 d-flex flex-column justify-content-center align-items-center text-center\">\n                                                                    <\/div>\n\n                    <div data-aos=\"fade-up\" class=\"col-md-10 col-sm-12 col-12 offset-md-1 offset-sm-0 offset-0 d-flex flex-column justify-content-center align-items-center text-center\">\n                                                                            <div class=\"row button-group w-100\">\n                                <div class=\"col-12 p-0 text-center d-flex flex-lg-row flex-md-column flex-sm-column flex-column align-content-center justify-content-center gap-4 mb-lg-0 mb-md-3 mb-sm-3 mb-3 mt-md-0 mt-sm-3 mt-3\">\n                                                                            <a class=\"btn btn-secondary\" href=\"https:\/\/www.xopifier.com\/en\/precios\/\" target=\"\" title=\"View pricing\">\n                                            View pricing                                        <\/a>\n                                                                            <a class=\"btn btn-primary\" href=\"https:\/\/www.xopifier.com\/en\/paso-1\/\" target=\"\" title=\"Get Started\">\n                                            Get Started                                        <\/a>\n                                                                    <\/div>\n                            <\/div>\n                                                                    <\/div>\n                <\/div>\n            <\/div>\n        <\/div>\n\n\t<\/div>\n\n<\/div>\n\n<div id=\"faqs\" class=\"container-fluid px-0 faqs\">\n    <div class=\"row\">\n        <div class=\"col-12\">\n            <div class=\"container\">\n                <div class=\"row\">\n                    <div class=\"col-12\">\n                                                <h3 class=\"small text-center justify-content-center fw-semibold\" data-aos=\"fade-up\">FAQs<\/h3>\n                        <div class=\"accordion accordion-flush\" id=\"accordionFAQs\">\n                                                                                                    <div class=\"accordion-item\" data-aos=\"fade-up\">\n                                            <h2 class=\"accordion-header\" id=\"heading-0\">\n                                                <button class=\"accordion-button collapsed\" type=\"button\" data-bs-toggle=\"collapse\" data-bs-target=\"#collapse-0\" aria-expanded=\"false\" aria-controls=\"collapse-0\">\n                                                    \u00bfQu\u00e9 me entregar\u00e1 Xopifier?                                                <\/button>\n                                            <\/h2>\n                                            <div id=\"collapse-0\" class=\"accordion-collapse collapse\" aria-labelledby=\"heading-0\" data-bs-parent=\"#accordionFAQs\">\n                                                <div class=\"accordion-body\">\n                                                    \n<p>La primera versi\u00f3n (&#8220;1.0&#8221;) de tu tienda, con la configuraci\u00f3n, contenido y dise\u00f1o que elijas y valides, instalada en Shopify, funcionando y preparada con lo b\u00e1sico para que puedas empezar a vender.<br><br>Puedes ver las <a href=\"https:\/\/www.xopifier.com\/en\/tu-tienda-1-0\/\" data-type=\"page\" data-id=\"1543\">secciones y funcionalidades que incluye tu <strong>Tienda 1.0<\/strong><\/a>.<br><br>S\u00f3lo dejamos en tus manos -por lo delicado de los datos- la configuraci\u00f3n de tus m\u00e9todos de pago y env\u00edo; nosotros te guiamos para que lo hagas f\u00e1cilmente.<\/p>\n                                                <\/div>\n                                            <\/div>\n                                        <\/div>\n                                                                        <div class=\"accordion-item\" data-aos=\"fade-up\">\n                                            <h2 class=\"accordion-header\" id=\"heading-1\">\n                                                <button class=\"accordion-button collapsed\" type=\"button\" data-bs-toggle=\"collapse\" data-bs-target=\"#collapse-1\" aria-expanded=\"false\" aria-controls=\"collapse-1\">\n                                                    \u00bfNecesito tener cuenta en Shopify para usar Xopifier?                                                <\/button>\n                                            <\/h2>\n                                            <div id=\"collapse-1\" class=\"accordion-collapse collapse\" aria-labelledby=\"heading-1\" data-bs-parent=\"#accordionFAQs\">\n                                                <div class=\"accordion-body\">\n                                                    \n<p>No.<\/p>\n\n\n\n<p>Si ya tienes cuenta en Shopify te pediremos acceso como colaboradores para instalar tu<strong> <a href=\"https:\/\/www.xopifier.com\/en\/tu-tienda-1-0\/\" data-type=\"page\" data-id=\"1543\">Tienda 1.0<\/a><\/strong>.<\/p>\n\n\n\n<p>Y si no la tienes, la creamos por ti como parte del servicio. En este caso, al recibir tu <strong>Tienda 1.0<\/strong> lista podr\u00e1s escoger si en ese momento te entregamos los accesos para que t\u00fa la sigas administrando; o si contratas un <a href=\"https:\/\/www.xopifier.com\/en\/precios\/\" data-type=\"page\" data-id=\"1545\"><strong>Plan Subscriber<\/strong><\/a> para que nosotros la actualicemos por ti por una tarifa mensual.<\/p>\n\n\n\n<p><\/p>\n                                                <\/div>\n                                            <\/div>\n                                        <\/div>\n                                                                        <div class=\"accordion-item\" data-aos=\"fade-up\">\n                                            <h2 class=\"accordion-header\" id=\"heading-2\">\n                                                <button class=\"accordion-button collapsed\" type=\"button\" data-bs-toggle=\"collapse\" data-bs-target=\"#collapse-2\" aria-expanded=\"false\" aria-controls=\"collapse-2\">\n                                                    \u00bfPor qu\u00e9 s\u00f3lo funciona con Shopify?                                                <\/button>\n                                            <\/h2>\n                                            <div id=\"collapse-2\" class=\"accordion-collapse collapse\" aria-labelledby=\"heading-2\" data-bs-parent=\"#accordionFAQs\">\n                                                <div class=\"accordion-body\">\n                                                    \n<p>Porque es, sin duda, la mejor plataforma para crear y desarrollar una tienda en l\u00ednea.<\/p>\n\n\n\n<p>Tiene muy bien resuelto todo lo esencial, es estable, r\u00e1pida y te aseguras de estar siempre al d\u00eda con actualizaciones y tendencias de E-commerce. S\u00f3lo requieres una buena configuraci\u00f3n inicial que te permita sacarle partido, que es justamente lo que hace Xopifier.<\/p>\n\n\n\n<p><\/p>\n                                                <\/div>\n                                            <\/div>\n                                        <\/div>\n                                                                        <div class=\"accordion-item\" data-aos=\"fade-up\">\n                                            <h2 class=\"accordion-header\" id=\"heading-3\">\n                                                <button class=\"accordion-button collapsed\" type=\"button\" data-bs-toggle=\"collapse\" data-bs-target=\"#collapse-3\" aria-expanded=\"false\" aria-controls=\"collapse-3\">\n                                                    \u00bfXopifier involucra m\u00e1s pagos en el futuro?                                                <\/button>\n                                            <\/h2>\n                                            <div id=\"collapse-3\" class=\"accordion-collapse collapse\" aria-labelledby=\"heading-3\" data-bs-parent=\"#accordionFAQs\">\n                                                <div class=\"accordion-body\">\n                                                    \n<p>Si s\u00f3lo quieres crear tu <strong><a href=\"https:\/\/www.xopifier.com\/en\/tu-tienda-1-0\/\" data-type=\"page\" data-id=\"1543\">Tienda 1.0<\/a><\/strong>, Xopifier involucra un solo pago, dividido en dos partes (un adelanto fijo de $120 al activar el servicio y el resto cuando recibes tu <strong>Tienda 1.0<\/strong> lista).<\/p>\n\n\n\n<p>Si adicionalmente deseas que luego sigamos actualizando la tienda por ti, puedes sumar el <strong><a href=\"https:\/\/www.xopifier.com\/en\/precios\/\" data-type=\"page\" data-id=\"1545\">Plan Subscriber<\/a><\/strong> y dividir el costo de la creaci\u00f3n y gesti\u00f3n de tu tienda en cuotas mensuales.<\/p>\n\n\n\n<p>T\u00fa decides el esquema que m\u00e1s te acomode.&nbsp;<br>Si quieres profundizar sobre esto, te recomendamos <a href=\"https:\/\/www.xopifier.com\/en\/precios\/\" data-type=\"page\" data-id=\"1545\">ver nuestros precios<\/a>.<\/p>\n                                                <\/div>\n                                            <\/div>\n                                        <\/div>\n                                                                        <div class=\"accordion-item\" data-aos=\"fade-up\">\n                                            <h2 class=\"accordion-header\" id=\"heading-4\">\n                                                <button class=\"accordion-button collapsed\" type=\"button\" data-bs-toggle=\"collapse\" data-bs-target=\"#collapse-4\" aria-expanded=\"false\" aria-controls=\"collapse-4\">\n                                                    \u00bfPuedo agregar m\u00e1s productos y secciones a mi Tienda 1.0 una vez creada?                                                <\/button>\n                                            <\/h2>\n                                            <div id=\"collapse-4\" class=\"accordion-collapse collapse\" aria-labelledby=\"heading-4\" data-bs-parent=\"#accordionFAQs\">\n                                                <div class=\"accordion-body\">\n                                                    \n<p>S\u00ed. \u00a1Es lo que esperamos que hagas! \ud83d\ude09<\/p>\n\n\n\n<p>En Shopify es muy f\u00e1cil agregar nuevos productos o editar lo que sea, una vez que tienes una buena base. Tu <strong><a href=\"https:\/\/www.xopifier.com\/en\/tu-tienda-1-0\/\" data-type=\"page\" data-id=\"1543\">Tienda 1.0<\/a><\/strong> es esa buena base. Por lo tanto no tendr\u00e1s problemas para hacerlo.<\/p>\n\n\n\n<p>Ahora, si prefieres que sigamos actualizando la tienda por ti, puedes sumar el <strong><a href=\"https:\/\/www.xopifier.com\/en\/precios\/\" data-type=\"page\" data-id=\"1545\">Plan Subscriber<\/a><\/strong>. En caso que tomes esa decisi\u00f3n, te garantizamos que ser\u00e1 por un asunto de foco y cuidado del tiempo que destinas a asuntos m\u00e1s estrat\u00e9gicos de tu negocio, no porque sea dif\u00edcil actualizar y hacer crecer tu <strong>Tienda 1.0<\/strong>.<\/p>\n\n\n\n<p><\/p>\n                                                <\/div>\n                                            <\/div>\n                                        <\/div>\n                                                                        <div class=\"accordion-item\" data-aos=\"fade-up\">\n                                            <h2 class=\"accordion-header\" id=\"heading-5\">\n                                                <button class=\"accordion-button collapsed\" type=\"button\" data-bs-toggle=\"collapse\" data-bs-target=\"#collapse-5\" aria-expanded=\"false\" aria-controls=\"collapse-5\">\n                                                    \u00bfMi Tienda 1.0 funciona como un subdominio de Shopify o se aloja en un dominio propio?                                                <\/button>\n                                            <\/h2>\n                                            <div id=\"collapse-5\" class=\"accordion-collapse collapse\" aria-labelledby=\"heading-5\" data-bs-parent=\"#accordionFAQs\">\n                                                <div class=\"accordion-body\">\n                                                    \n<p>Eso depende de ti.<\/p>\n\n\n\n<p>Si tienes tu propio dominio, te lo pediremos como parte del proceso para dejar tu <strong><a href=\"https:\/\/www.xopifier.com\/en\/tu-tienda-1-0\/\" data-type=\"page\" data-id=\"1543\">Tienda 1.0<\/a><\/strong> funcionando en \u00e9l.<\/p>\n\n\n\n<p>Si no lo tienes, te recomendamos conseguirlo (te guiaremos en eso, es muy sencillo y no necesitas contar con \u00e9l para activar el servicio de Xopifier), ya que un dominio propio de tu marca es parte esencial del buen posicionamiento de un negocio online.<\/p>\n\n\n\n<p>Finalmente, si prefieres, tambi\u00e9n tienes la opci\u00f3n de que tu <strong>Tienda 1.0<\/strong> funcione como subdominio de Shopify, con el nombre \u201cnombredemitienda\u201d.myshopify.com. No tiene costo extra.<\/p>\n                                                <\/div>\n                                            <\/div>\n                                        <\/div>\n                                                                                    <\/div>\n                    <\/div>\n                <\/div>\n            <\/div>\n        <\/div>\n    <\/div>\n<\/div>\n\n<div id=\"price\" class=\"price-block container-fluid px-0 style-3\">\n\n    <div class=\"row\">\n\n        <div class=\"col-12\">\n            <div class=\"container px-md-0 px-sm-auto px-auto\">\n                <div class=\"row position-relative\">\n                    <div data-aos=\"fade-up\" class=\"col-md-10 col-sm-12 col-12 offset-md-1 offset-sm-0 offset-0 d-flex flex-column justify-content-center align-items-center text-center\">\n                        <h2>Get started now, from USD $980<\/h2>\n                                                    <p>Choose the option that fits you best and take the first step toward  your Shopify store.<\/p>\n                                            <\/div>\n\n                    <div data-aos=\"fade-up\" class=\"col-12 d-flex flex-column justify-content-center align-items-center text-center\">\n                                                                            <div class=\"row columns-group\">\n                                                                                                            <div class=\"offset-lg-0 offset-md-3 offset-sm-0 offset-0 col-lg-4 col-md-6 col-sm-12 col-12 d-flex flex-column align-items-center justify-content-start mb-lg-0 mb-md-4 mb-sm-4 mb-4\">\n                                                                                                                    <div class=\"column-item w-100\" target=\"https:\/\/www.xopifier.com\/en\/paso-1\/?step=2&#038;opt=0\">\n                                            <h3>I want to start selling online<\/h3>\n                                            <p>I don&#8217;t have my own store yet, nor do I sell on marketplaces.<\/p>\n                                        <\/div>\n                                    <\/div>\n                                                                                                            <div class=\"offset-lg-0 offset-md-3 offset-sm-0 offset-0 col-lg-4 col-md-6 col-sm-12 col-12 d-flex flex-column align-items-center justify-content-start mb-lg-0 mb-md-4 mb-sm-4 mb-4\">\n                                                                                                                    <div class=\"column-item w-100\" target=\"https:\/\/www.xopifier.com\/en\/paso-1\/?step=2&#038;opt=1\">\n                                            <h3>I already sell on a marketplace<\/h3>\n                                            <p>Ex: Etsy, Facebook, Instagram or another platform.<\/p>\n                                        <\/div>\n                                    <\/div>\n                                                                                                            <div class=\"offset-lg-0 offset-md-3 offset-sm-0 offset-0 col-lg-4 col-md-6 col-sm-12 col-12 d-flex flex-column align-items-center justify-content-start mb-lg-0 mb-md-4 mb-sm-4 mb-4\">\n                                                                                                                    <div class=\"column-item w-100\" target=\"https:\/\/www.xopifier.com\/en\/paso-1\/?step=2&#038;opt=2\">\n                                            <h3>I already have a store and want to improve it<\/h3>\n                                            <p>I want to migrate or upgrade it on Shopify.<\/p>\n                                        <\/div>\n                                    <\/div>\n                                                            <\/div>\n                                            <\/div>\n\n                    <div data-aos=\"fade-up\" class=\"col-md-10 col-sm-12 col-12 offset-md-1 offset-sm-0 offset-0 d-flex flex-column justify-content-center align-items-center text-center\">\n                                                                                            <\/div>\n                <\/div>\n            <\/div>\n        <\/div>\n\n\t<\/div>\n\n<\/div>","protected":false},"excerpt":{"rendered":"<p>How Xopifier Works A simple, guided, stress-free process to launch your Shopify store<\/p>\n","protected":false},"author":1,"featured_media":0,"parent":0,"menu_order":0,"comment_status":"closed","ping_status":"closed","template":"page-home.php","meta":{"_acf_changed":false,"inline_featured_image":false,"footnotes":""},"class_list":["post-2641","page","type-page","status-publish","hentry"],"acf":[],"_links":{"self":[{"href":"https:\/\/www.xopifier.com\/en\/wp-json\/wp\/v2\/pages\/2641","targetHints":{"allow":["GET"]}}],"collection":[{"href":"https:\/\/www.xopifier.com\/en\/wp-json\/wp\/v2\/pages"}],"about":[{"href":"https:\/\/www.xopifier.com\/en\/wp-json\/wp\/v2\/types\/page"}],"author":[{"embeddable":true,"href":"https:\/\/www.xopifier.com\/en\/wp-json\/wp\/v2\/users\/1"}],"replies":[{"embeddable":true,"href":"https:\/\/www.xopifier.com\/en\/wp-json\/wp\/v2\/comments?post=2641"}],"version-history":[{"count":10,"href":"https:\/\/www.xopifier.com\/en\/wp-json\/wp\/v2\/pages\/2641\/revisions"}],"predecessor-version":[{"id":3241,"href":"https:\/\/www.xopifier.com\/en\/wp-json\/wp\/v2\/pages\/2641\/revisions\/3241"}],"wp:attachment":[{"href":"https:\/\/www.xopifier.com\/en\/wp-json\/wp\/v2\/media?parent=2641"}],"curies":[{"name":"wp","href":"https:\/\/api.w.org\/{rel}","templated":true}]}}