{"id":2640,"date":"2025-06-02T16:56:12","date_gmt":"2025-06-02T16:56:12","guid":{"rendered":"http:\/\/localhost\/xopifier\/tu-tienda-1-0\/"},"modified":"2026-03-10T00:12:42","modified_gmt":"2026-03-10T00:12:42","slug":"tu-tienda-1-0","status":"publish","type":"page","link":"https:\/\/www.xopifier.com\/en\/tu-tienda-1-0\/","title":{"rendered":"Your Store 1.0"},"content":{"rendered":"<div id=\"inner-hero\" class=\"container-fluid px-0\">\n\n    <div class=\"row\">\n\n        <div class=\"col-12\">\n            <div class=\"container px-md-0 px-sm-auto px-auto\">\n                <div class=\"row position-relative\">\n                    <div class=\"offset-lg-1 offset-md-0 offset-sm-0 offset-0 col-lg-10 col-md-12 col-sm-12 col-12 d-flex flex-column justify-content-center align-items-start text-container\">\n                        <p data-aos=\"fade-up\" class=\"title w-100 text-center fw-600 d-block\">What is \u201cTienda 1.0\u201d?<\/p>\n                        <h2 data-aos=\"fade-up\" class=\"subtitle text-center\">The first great version of your Shopify store to start selling<\/h2>\n                        <div data-aos=\"fade-up\" class=\"description mx-xl-5 mx-lg-3 mx-md-2 mx-sm-0 mx-0 px-xl-5 px-lg-3 px-md-2 px-sm-0 px-0\"><p><strong>Tienda 1.0<\/strong> is the fastest and most effective way to launch your business on Shopify \u2014 no tech skills needed.<\/p>\n<p>It includes everything you need to start strong:<\/p>\n<ul>\n<li>A custom design, chosen by you<\/li>\n<li>A solid Shopify setup, handled by experts<\/li>\n<li>Key messages that connect with your audience<\/li>\n<\/ul>\n<p>You\u2019ll just need to set up your payment and shipping methods \u2014 and don\u2019t worry, we\u2019ll guide you through it step by step.<\/p>\n<p>This foundation gives you confidence to scale and grow your store over time.<\/p>\n<\/div>\n                        <div data-aos=\"fade-up\" class=\"w-100 d-flex align-items-center justify-content-center gap-3\">\n                                                            <a class=\"btn btn-primary\" href=\"https:\/\/www.xopifier.com\/en\/paso-1\/\" target=\"\" title=\"Get started now, from $980\">\n                                    Get started now, from $980                                <\/a>\n                                                    <\/div>\n                    <\/div>\n                    <div data-aos=\"fade-up\" class=\"col-12 d-flex align-items-center img-container\">\n                        <img decoding=\"async\" src=\"https:\/\/www.xopifier.com\/wp-content\/uploads\/2024\/06\/x-devices-2x-scaled.jpg\" class=\"img-fluid\" alt=\"\">\n                    <\/div>\n                <\/div>\n            <\/div>\n        <\/div>\n\n\t<\/div>\n\n<\/div>\n\n\n<div class=\"wp-block-columns container-fluid mx-auto custom-content has-background is-layout-flex wp-container-core-columns-is-layout-9d6595d7 wp-block-columns-is-layout-flex\" style=\"background-color:#f8f5f0\">\n<div class=\"wp-block-column is-layout-flow wp-block-column-is-layout-flow\">\n<div class=\"wp-block-columns container mx-fluid is-layout-flex wp-container-core-columns-is-layout-9d6595d7 wp-block-columns-is-layout-flex\">\n<div class=\"wp-block-column is-layout-flow wp-block-column-is-layout-flow\">\n<h2 class=\"wp-block-heading has-text-align-center h2 fade-up\">What\u2019s included in Tienda 1.0?<\/h2>\n\n\n\n<p class=\"has-text-align-center p fade-up\"><strong>Tienda 1.0<\/strong> includes everything essential to launch your Shopify store:<br>custom design, SEO-ready content for Google and ChatGPT, and full store setup so you can start selling.<\/p>\n\n\n\n<div class=\"wp-block-columns fade-up is-layout-flex wp-container-core-columns-is-layout-9d6595d7 wp-block-columns-is-layout-flex\">\n<div class=\"wp-block-column pe-md-5 pe-sm-0 pe-0 is-layout-flow wp-block-column-is-layout-flow\" style=\"flex-basis:66.66%\">\n<h3 class=\"wp-block-heading h3\"><strong>Tienda 1.0: Everything essential from $980<\/strong><\/h3>\n\n\n\n<ul class=\"wp-block-list\">\n<li>Custom store design for your brand<\/li>\n\n\n\n<li>Essential SEO-optimized copy and messaging for Google and ChatGPT<\/li>\n\n\n\n<li>Full Shopify store setup*, including: homepage, up to 10 products, product categories, \u201cAbout Us\u201d page, \u201cContact\u201d page, and store policies<\/li>\n\n\n\n<li>Customized shopping cart and payment flow<\/li>\n\n\n\n<li>Setup of key tools like WhatsApp button, live chat, email capture, and abandoned cart notifications<\/li>\n<\/ul>\n<\/div>\n\n\n\n<div class=\"wp-block-column is-layout-flow wp-block-column-is-layout-flow\" style=\"flex-basis:33.33%\">\n<h3 class=\"wp-block-heading h3\"><strong>Extras<\/strong> <span>(additional cost)<\/span><\/h3>\n\n\n\n<ul class=\"wp-block-list\">\n<li>More than 10 products<\/li>\n\n\n\n<li>Store in additional languages<\/li>\n\n\n\n<li>Customer reviews<\/li>\n\n\n\n<li>FAQs<\/li>\n\n\n\n<li>Extra pages<\/li>\n\n\n\n<li>Blog<\/li>\n<\/ul>\n<\/div>\n<\/div>\n\n\n    <div data-aos=\"fade-up\" class=\"d-flex align-items-center justify-content-center\">\n        <a class=\"btn btn-primary \" href=\"https:\/\/www.xopifier.com\/en\/paso-1\/\" target=\"\" title=\"Get Started\">\n            Get Started        <\/a>\n    <\/div>\n<\/div>\n<\/div>\n<\/div>\n<\/div>\n\n\n<div id=\"startnow\" class=\"price-block container-fluid px-0 style-1\">\n\n    <div class=\"row\">\n\n        <div class=\"col-12\">\n            <div class=\"container px-md-0 px-sm-auto px-auto\">\n                <div class=\"row position-relative\">\n                    <div data-aos=\"fade-up\" class=\"col-md-10 col-sm-12 col-12 offset-md-1 offset-sm-0 offset-0 d-flex flex-column justify-content-center align-items-center text-center\">\n                        <h2>Start today with Xopifier<\/h2>\n                                                    <p>Take the first big step to make your Shopify store a reality. <br>Activate the service now for just $120<\/p>\n                                            <\/div>\n\n                    <div data-aos=\"fade-up\" class=\"col-12 d-flex flex-column justify-content-center align-items-center text-center\">\n                                                                    <\/div>\n\n                    <div data-aos=\"fade-up\" class=\"col-md-10 col-sm-12 col-12 offset-md-1 offset-sm-0 offset-0 d-flex flex-column justify-content-center align-items-center text-center\">\n                                                                            <div class=\"row button-group w-100\">\n                                <div class=\"col-12 p-0 text-center d-flex flex-lg-row flex-md-column flex-sm-column flex-column align-content-center justify-content-center gap-4 mb-lg-0 mb-md-3 mb-sm-3 mb-3 mt-md-0 mt-sm-3 mt-3\">\n                                                                            <a class=\"btn btn-secondary\" href=\"https:\/\/www.xopifier.com\/en\/precios\/\" target=\"\" title=\"View pricing\">\n                                            View pricing                                        <\/a>\n                                                                            <a class=\"btn btn-primary\" href=\"https:\/\/www.xopifier.com\/en\/paso-1\/\" target=\"\" title=\"Get Started\">\n                                            Get Started                                        <\/a>\n                                                                    <\/div>\n                            <\/div>\n                                                                    <\/div>\n                <\/div>\n            <\/div>\n        <\/div>\n\n\t<\/div>\n\n<\/div>\n\n<div id=\"faqs\" class=\"container-fluid px-0 faqs\">\n    <div class=\"row\">\n        <div class=\"col-12\">\n            <div class=\"container\">\n                <div class=\"row\">\n                    <div class=\"col-12\">\n                                                <h3 class=\"small text-center justify-content-center fw-semibold\" data-aos=\"fade-up\">FAQs<\/h3>\n                        <div class=\"accordion accordion-flush\" id=\"accordionFAQs\">\n                                                                                                    <div class=\"accordion-item\" data-aos=\"fade-up\">\n                                            <h2 class=\"accordion-header\" id=\"heading-0\">\n                                                <button class=\"accordion-button collapsed\" type=\"button\" data-bs-toggle=\"collapse\" data-bs-target=\"#collapse-0\" aria-expanded=\"false\" aria-controls=\"collapse-0\">\n                                                    \u00bfQu\u00e9 me entregar\u00e1 Xopifier?                                                <\/button>\n                                            <\/h2>\n                                            <div id=\"collapse-0\" class=\"accordion-collapse collapse\" aria-labelledby=\"heading-0\" data-bs-parent=\"#accordionFAQs\">\n                                                <div class=\"accordion-body\">\n                                                    \n<p>La primera versi\u00f3n (&#8220;1.0&#8221;) de tu tienda, con la configuraci\u00f3n, contenido y dise\u00f1o que elijas y valides, instalada en Shopify, funcionando y preparada con lo b\u00e1sico para que puedas empezar a vender.<br><br>Puedes ver las <a href=\"https:\/\/www.xopifier.com\/en\/tu-tienda-1-0\/\" data-type=\"page\" data-id=\"1543\">secciones y funcionalidades que incluye tu <strong>Tienda 1.0<\/strong><\/a>.<br><br>S\u00f3lo dejamos en tus manos -por lo delicado de los datos- la configuraci\u00f3n de tus m\u00e9todos de pago y env\u00edo; nosotros te guiamos para que lo hagas f\u00e1cilmente.<\/p>\n                                                <\/div>\n                                            <\/div>\n                                        <\/div>\n                                                                        <div class=\"accordion-item\" data-aos=\"fade-up\">\n                                            <h2 class=\"accordion-header\" id=\"heading-1\">\n                                                <button class=\"accordion-button collapsed\" type=\"button\" data-bs-toggle=\"collapse\" data-bs-target=\"#collapse-1\" aria-expanded=\"false\" aria-controls=\"collapse-1\">\n                                                    \u00bfNecesito tener cuenta en Shopify para usar Xopifier?                                                <\/button>\n                                            <\/h2>\n                                            <div id=\"collapse-1\" class=\"accordion-collapse collapse\" aria-labelledby=\"heading-1\" data-bs-parent=\"#accordionFAQs\">\n                                                <div class=\"accordion-body\">\n                                                    \n<p>No.<\/p>\n\n\n\n<p>Si ya tienes cuenta en Shopify te pediremos acceso como colaboradores para instalar tu<strong> <a href=\"https:\/\/www.xopifier.com\/en\/tu-tienda-1-0\/\" data-type=\"page\" data-id=\"1543\">Tienda 1.0<\/a><\/strong>.<\/p>\n\n\n\n<p>Y si no la tienes, la creamos por ti como parte del servicio. En este caso, al recibir tu <strong>Tienda 1.0<\/strong> lista podr\u00e1s escoger si en ese momento te entregamos los accesos para que t\u00fa la sigas administrando; o si contratas un <a href=\"https:\/\/www.xopifier.com\/en\/precios\/\" data-type=\"page\" data-id=\"1545\"><strong>Plan Subscriber<\/strong><\/a> para que nosotros la actualicemos por ti por una tarifa mensual.<\/p>\n\n\n\n<p><\/p>\n                                                <\/div>\n                                            <\/div>\n                                        <\/div>\n                                                                        <div class=\"accordion-item\" data-aos=\"fade-up\">\n                                            <h2 class=\"accordion-header\" id=\"heading-2\">\n                                                <button class=\"accordion-button collapsed\" type=\"button\" data-bs-toggle=\"collapse\" data-bs-target=\"#collapse-2\" aria-expanded=\"false\" aria-controls=\"collapse-2\">\n                                                    \u00bfPor qu\u00e9 s\u00f3lo funciona con Shopify?                                                <\/button>\n                                            <\/h2>\n                                            <div id=\"collapse-2\" class=\"accordion-collapse collapse\" aria-labelledby=\"heading-2\" data-bs-parent=\"#accordionFAQs\">\n                                                <div class=\"accordion-body\">\n                                                    \n<p>Porque es, sin duda, la mejor plataforma para crear y desarrollar una tienda en l\u00ednea.<\/p>\n\n\n\n<p>Tiene muy bien resuelto todo lo esencial, es estable, r\u00e1pida y te aseguras de estar siempre al d\u00eda con actualizaciones y tendencias de E-commerce. S\u00f3lo requieres una buena configuraci\u00f3n inicial que te permita sacarle partido, que es justamente lo que hace Xopifier.<\/p>\n\n\n\n<p><\/p>\n                                                <\/div>\n                                            <\/div>\n                                        <\/div>\n                                                                        <div class=\"accordion-item\" data-aos=\"fade-up\">\n                                            <h2 class=\"accordion-header\" id=\"heading-3\">\n                                                <button class=\"accordion-button collapsed\" type=\"button\" data-bs-toggle=\"collapse\" data-bs-target=\"#collapse-3\" aria-expanded=\"false\" aria-controls=\"collapse-3\">\n                                                    \u00bfXopifier involucra m\u00e1s pagos en el futuro?                                                <\/button>\n                                            <\/h2>\n                                            <div id=\"collapse-3\" class=\"accordion-collapse collapse\" aria-labelledby=\"heading-3\" data-bs-parent=\"#accordionFAQs\">\n                                                <div class=\"accordion-body\">\n                                                    \n<p>Si s\u00f3lo quieres crear tu <strong><a href=\"https:\/\/www.xopifier.com\/en\/tu-tienda-1-0\/\" data-type=\"page\" data-id=\"1543\">Tienda 1.0<\/a><\/strong>, Xopifier involucra un solo pago, dividido en dos partes (un adelanto fijo de $120 al activar el servicio y el resto cuando recibes tu <strong>Tienda 1.0<\/strong> lista).<\/p>\n\n\n\n<p>Si adicionalmente deseas que luego sigamos actualizando la tienda por ti, puedes sumar el <strong><a href=\"https:\/\/www.xopifier.com\/en\/precios\/\" data-type=\"page\" data-id=\"1545\">Plan Subscriber<\/a><\/strong> y dividir el costo de la creaci\u00f3n y gesti\u00f3n de tu tienda en cuotas mensuales.<\/p>\n\n\n\n<p>T\u00fa decides el esquema que m\u00e1s te acomode.&nbsp;<br>Si quieres profundizar sobre esto, te recomendamos <a href=\"https:\/\/www.xopifier.com\/en\/precios\/\" data-type=\"page\" data-id=\"1545\">ver nuestros precios<\/a>.<\/p>\n                                                <\/div>\n                                            <\/div>\n                                        <\/div>\n                                                                        <div class=\"accordion-item\" data-aos=\"fade-up\">\n                                            <h2 class=\"accordion-header\" id=\"heading-4\">\n                                                <button class=\"accordion-button collapsed\" type=\"button\" data-bs-toggle=\"collapse\" data-bs-target=\"#collapse-4\" aria-expanded=\"false\" aria-controls=\"collapse-4\">\n                                                    \u00bfPuedo agregar m\u00e1s productos y secciones a mi Tienda 1.0 una vez creada?                                                <\/button>\n                                            <\/h2>\n                                            <div id=\"collapse-4\" class=\"accordion-collapse collapse\" aria-labelledby=\"heading-4\" data-bs-parent=\"#accordionFAQs\">\n                                                <div class=\"accordion-body\">\n                                                    \n<p>S\u00ed. \u00a1Es lo que esperamos que hagas! \ud83d\ude09<\/p>\n\n\n\n<p>En Shopify es muy f\u00e1cil agregar nuevos productos o editar lo que sea, una vez que tienes una buena base. Tu <strong><a href=\"https:\/\/www.xopifier.com\/en\/tu-tienda-1-0\/\" data-type=\"page\" data-id=\"1543\">Tienda 1.0<\/a><\/strong> es esa buena base. Por lo tanto no tendr\u00e1s problemas para hacerlo.<\/p>\n\n\n\n<p>Ahora, si prefieres que sigamos actualizando la tienda por ti, puedes sumar el <strong><a href=\"https:\/\/www.xopifier.com\/en\/precios\/\" data-type=\"page\" data-id=\"1545\">Plan Subscriber<\/a><\/strong>. En caso que tomes esa decisi\u00f3n, te garantizamos que ser\u00e1 por un asunto de foco y cuidado del tiempo que destinas a asuntos m\u00e1s estrat\u00e9gicos de tu negocio, no porque sea dif\u00edcil actualizar y hacer crecer tu <strong>Tienda 1.0<\/strong>.<\/p>\n\n\n\n<p><\/p>\n                                                <\/div>\n                                            <\/div>\n                                        <\/div>\n                                                                        <div class=\"accordion-item\" data-aos=\"fade-up\">\n                                            <h2 class=\"accordion-header\" id=\"heading-5\">\n                                                <button class=\"accordion-button collapsed\" type=\"button\" data-bs-toggle=\"collapse\" data-bs-target=\"#collapse-5\" aria-expanded=\"false\" aria-controls=\"collapse-5\">\n                                                    \u00bfMi Tienda 1.0 funciona como un subdominio de Shopify o se aloja en un dominio propio?                                                <\/button>\n                                            <\/h2>\n                                            <div id=\"collapse-5\" class=\"accordion-collapse collapse\" aria-labelledby=\"heading-5\" data-bs-parent=\"#accordionFAQs\">\n                                                <div class=\"accordion-body\">\n                                                    \n<p>Eso depende de ti.<\/p>\n\n\n\n<p>Si tienes tu propio dominio, te lo pediremos como parte del proceso para dejar tu <strong><a href=\"https:\/\/www.xopifier.com\/en\/tu-tienda-1-0\/\" data-type=\"page\" data-id=\"1543\">Tienda 1.0<\/a><\/strong> funcionando en \u00e9l.<\/p>\n\n\n\n<p>Si no lo tienes, te recomendamos conseguirlo (te guiaremos en eso, es muy sencillo y no necesitas contar con \u00e9l para activar el servicio de Xopifier), ya que un dominio propio de tu marca es parte esencial del buen posicionamiento de un negocio online.<\/p>\n\n\n\n<p>Finalmente, si prefieres, tambi\u00e9n tienes la opci\u00f3n de que tu <strong>Tienda 1.0<\/strong> funcione como subdominio de Shopify, con el nombre \u201cnombredemitienda\u201d.myshopify.com. No tiene costo extra.<\/p>\n                                                <\/div>\n                                            <\/div>\n                                        <\/div>\n                                                                                    <\/div>\n                    <\/div>\n                <\/div>\n            <\/div>\n        <\/div>\n    <\/div>\n<\/div>\n\n<div id=\"price\" class=\"price-block container-fluid px-0 style-3\">\n\n    <div class=\"row\">\n\n        <div class=\"col-12\">\n            <div class=\"container px-md-0 px-sm-auto px-auto\">\n                <div class=\"row position-relative\">\n                    <div data-aos=\"fade-up\" class=\"col-md-10 col-sm-12 col-12 offset-md-1 offset-sm-0 offset-0 d-flex flex-column justify-content-center align-items-center text-center\">\n                        <h2>Get started now, from USD $980<\/h2>\n                                                    <p>Choose the option that fits you best and take the first step toward  your Shopify store.<\/p>\n                                            <\/div>\n\n                    <div data-aos=\"fade-up\" class=\"col-12 d-flex flex-column justify-content-center align-items-center text-center\">\n                                                                            <div class=\"row columns-group\">\n                                                                                                            <div class=\"offset-lg-0 offset-md-3 offset-sm-0 offset-0 col-lg-4 col-md-6 col-sm-12 col-12 d-flex flex-column align-items-center justify-content-start mb-lg-0 mb-md-4 mb-sm-4 mb-4\">\n                                                                                                                    <div class=\"column-item w-100\" target=\"https:\/\/www.xopifier.com\/en\/paso-1\/?step=2&#038;opt=0\">\n                                            <h3>I want to start selling online<\/h3>\n                                            <p>I don&#8217;t have my own store yet, nor do I sell on marketplaces.<\/p>\n                                        <\/div>\n                                    <\/div>\n                                                                                                            <div class=\"offset-lg-0 offset-md-3 offset-sm-0 offset-0 col-lg-4 col-md-6 col-sm-12 col-12 d-flex flex-column align-items-center justify-content-start mb-lg-0 mb-md-4 mb-sm-4 mb-4\">\n                                                                                                                    <div class=\"column-item w-100\" target=\"https:\/\/www.xopifier.com\/en\/paso-1\/?step=2&#038;opt=1\">\n                                            <h3>I already sell on a marketplace<\/h3>\n                                            <p>Ex: Etsy, Facebook, Instagram or another platform.<\/p>\n                                        <\/div>\n                                    <\/div>\n                                                                                                            <div class=\"offset-lg-0 offset-md-3 offset-sm-0 offset-0 col-lg-4 col-md-6 col-sm-12 col-12 d-flex flex-column align-items-center justify-content-start mb-lg-0 mb-md-4 mb-sm-4 mb-4\">\n                                                                                                                    <div class=\"column-item w-100\" target=\"https:\/\/www.xopifier.com\/en\/paso-1\/?step=2&#038;opt=2\">\n                                            <h3>I already have a store and want to improve it<\/h3>\n                                            <p>I want to migrate or upgrade it on Shopify.<\/p>\n                                        <\/div>\n                                    <\/div>\n                                                            <\/div>\n                                            <\/div>\n\n                    <div data-aos=\"fade-up\" class=\"col-md-10 col-sm-12 col-12 offset-md-1 offset-sm-0 offset-0 d-flex flex-column justify-content-center align-items-center text-center\">\n                                                                                            <\/div>\n                <\/div>\n            <\/div>\n        <\/div>\n\n\t<\/div>\n\n<\/div>","protected":false},"excerpt":{"rendered":"<p>What\u2019s included in Tienda 1.0? Tienda 1.0 includes everything essential to launch your Shopify store:custom design, SEO-ready content for Google [&hellip;]<\/p>\n","protected":false},"author":1,"featured_media":0,"parent":0,"menu_order":0,"comment_status":"closed","ping_status":"closed","template":"page-inner.php","meta":{"_acf_changed":false,"inline_featured_image":false,"footnotes":""},"class_list":["post-2640","page","type-page","status-publish","hentry"],"acf":[],"_links":{"self":[{"href":"https:\/\/www.xopifier.com\/en\/wp-json\/wp\/v2\/pages\/2640","targetHints":{"allow":["GET"]}}],"collection":[{"href":"https:\/\/www.xopifier.com\/en\/wp-json\/wp\/v2\/pages"}],"about":[{"href":"https:\/\/www.xopifier.com\/en\/wp-json\/wp\/v2\/types\/page"}],"author":[{"embeddable":true,"href":"https:\/\/www.xopifier.com\/en\/wp-json\/wp\/v2\/users\/1"}],"replies":[{"embeddable":true,"href":"https:\/\/www.xopifier.com\/en\/wp-json\/wp\/v2\/comments?post=2640"}],"version-history":[{"count":10,"href":"https:\/\/www.xopifier.com\/en\/wp-json\/wp\/v2\/pages\/2640\/revisions"}],"predecessor-version":[{"id":3240,"href":"https:\/\/www.xopifier.com\/en\/wp-json\/wp\/v2\/pages\/2640\/revisions\/3240"}],"wp:attachment":[{"href":"https:\/\/www.xopifier.com\/en\/wp-json\/wp\/v2\/media?parent=2640"}],"curies":[{"name":"wp","href":"https:\/\/api.w.org\/{rel}","templated":true}]}}