{"id":2639,"date":"2025-06-02T16:56:51","date_gmt":"2025-06-02T16:56:51","guid":{"rendered":"http:\/\/localhost\/xopifier\/precios\/"},"modified":"2026-03-10T00:14:39","modified_gmt":"2026-03-10T00:14:39","slug":"precios","status":"publish","type":"page","link":"https:\/\/www.xopifier.com\/en\/precios\/","title":{"rendered":"Prices"},"content":{"rendered":"\n<div class=\"wp-block-columns container is-layout-flex wp-container-core-columns-is-layout-9d6595d7 wp-block-columns-is-layout-flex\">\n<div class=\"wp-block-column is-layout-flow wp-block-column-is-layout-flow\">\n<div style=\"height:100px\" aria-hidden=\"true\" class=\"wp-block-spacer price-top-separator\"><\/div>\n\n\n\n<h3 class=\"wp-block-heading has-text-align-center fade-up fw-bold has-text-color has-link-color wp-elements-69e3bf682fefa3135ff44c48b443984d\" style=\"color:#00b231\">Clear prices. Complete services.<\/h3>\n\n\n\n<h1 class=\"wp-block-heading has-text-align-center fade-up fw-bold has-text-color has-link-color wp-elements-eec54e32155255ec3a0104d649b1b3f9\" style=\"color:#1d1d1f\">Find out how much it costs to launch your store with Xopifier and what each service includes<\/h1>\n<\/div>\n<\/div>\n\n\n<div id=\"prices\" class=\"container green\">\n    <div class=\"row\">\n        <div class=\"order-lg-1 order-md-2 order-sm-2 order-2 col-lg-8 col-md-12 col-sm-12 col-12\">\n            <h2 data-aos=\"fade-up\">Store 1.0: The first solid version of your Shopify store, ready to grow with you.<\/h2>\n            <div data-aos=\"fade-up\" class=\"description\">\n                <p><strong>What\u2019s included in <a href=\"https:\/\/www.xopifier.com\/en\/tu-tienda-1-0\/\">Tienda 1.0<\/a>?<\/strong><\/p>\n<ul>\n<li>Custom design tailored to your brand<\/li>\n<li>Essential SEO and ChatGPT-optimized content and messaging<\/li>\n<li>Shopify store setup, including: homepage, up to 10 products, categories, pages like \u201cAbout Us\u201d, \u201cContact\u201d, and shipping &amp; return policies<\/li>\n<li>Custom shopping cart and online checkout experience<\/li>\n<li>Setup of key features like banners or popups to collect emails and direct access to WhatsApp\u00ae<\/li>\n<\/ul>\n<p><strong>Optional extras<\/strong> (Available at an additional cost)<\/p>\n<ul>\n<li>Additional products, extra languages, FAQ pages, reviews, blogs, or extra sections<\/li>\n<\/ul>\n            <\/div>\n                        <div class=\"accordion accordion-flush\" id=\"accordionFullDesc4380e87b-d974-44b7-a119-8effc91a9b10\">\n                <div class=\"accordion-item\" data-aos=\"fade-up\">\n                    <h2 class=\"accordion-header\" id=\"heading-4380e87b-d974-44b7-a119-8effc91a9b10\">\n                        <button class=\"accordion-button collapsed\" type=\"button\" data-bs-toggle=\"collapse\" data-bs-target=\"#collapse-4380e87b-d974-44b7-a119-8effc91a9b10\" aria-expanded=\"false\" aria-controls=\"collapse-4380e87b-d974-44b7-a119-8effc91a9b10\">\n                            Breakdown of what\u2019s included in Store 1.0                        <\/button>\n                    <\/h2>\n                    <div id=\"collapse-4380e87b-d974-44b7-a119-8effc91a9b10\" class=\"accordion-collapse collapse\" aria-labelledby=\"heading-4380e87b-d974-44b7-a119-8effc91a9b10\" data-bs-parent=\"#accordionFullDesc4380e87b-d974-44b7-a119-8effc91a9b10\">\n                        <div class=\"accordion-body\">\n                            <hr \/>\n<div class=\"row mb-4\">\n<div class=\"col-6\"><strong class=\"fw-bold\">Base Configuration<\/strong><\/div>\n<div class=\"col-6 text-end\"><strong class=\"fw-bold\">$980<\/strong><\/div>\n<\/div>\n<ul class=\"mb-4\">\n<li><strong>Custom Design for Your Brand<\/strong><br \/>\n<small>Choose from 2 visual proposals tailored to your brand.<\/small><\/li>\n<li><strong>Essential SEO-Optimized Content<\/strong><br \/>\n<small>Texts and messages focused on ranking in Google and optimized for ChatGPT.<\/small><\/li>\n<li><strong>Full Shopify Setup*<\/strong>\n<ul>\n<li>Homepage<\/li>\n<li>Product detail (up to 10 products)<\/li>\n<li>Categories and product collections<\/li>\n<li>\u201cAbout Us\u201d page<\/li>\n<li>\u201cContact\u201d page<\/li>\n<li>Shipping, return and exchange policies<\/li>\n<li>Custom checkout experience with online payment flow<\/li>\n<\/ul>\n<p><small>* You\u2019ll only need to set up your payment and shipping methods. We\u2019ll guide you step by step so you can do it easily and on time.<\/small><\/li>\n<li><strong>Included at no extra cost<\/strong>\n<ul>\n<li>Email capture banners or popups<\/li>\n<li>Button to open WhatsApp\u00ae\ufe0f chat<\/li>\n<\/ul>\n<\/li>\n<\/ul>\n<hr \/>\n<div class=\"row mb-4\">\n<div class=\"col-12\"><strong class=\"fw-bold\">Optional Extras <small class=\"d-inline-block\">(at an additional cost)<\/small><\/strong><\/div>\n<\/div>\n<ul class=\"mb-0\">\n<li><strong>Additional Sections<\/strong>\n<ul>\n<li class=\"d-flex justify-content-between align-items-center\">Customer Reviews$129<\/li>\n<li class=\"d-flex justify-content-between align-items-center\">Frequently Asked Questions (FAQs)$99<\/li>\n<\/ul>\n<\/li>\n<li><strong>Store in Other Languages<\/strong>\n<ul>\n<li class=\"d-flex justify-content-between align-items-center\">Additional language30% of total store cost<\/li>\n<\/ul>\n<\/li>\n<li><strong class=\"d-flex justify-content-between align-items-center\">Additional Products<\/strong>\n<ul>\n<li class=\"d-flex justify-content-between align-items-center\">Per-product cost for additional items*$14<\/li>\n<\/ul>\n<\/li>\n<\/ul>\n<p><small class=\"ps-4\">* The base configuration of Store 1.0 includes product detail for 1 to 10 items<\/small><span style=\"display: inline-block; width: 0px; overflow: hidden; line-height: 0;\" data-mce-type=\"bookmark\" class=\"mce_SELRES_start\">\ufeff<\/span><\/p>\n                        <\/div>\n                    <\/div>\n                <\/div>\n            <\/div>\n            <div class=\"mt-5 extra-description\">\n                            <\/div>\n        <\/div>\n        <div class=\"order-lg-2 order-md-1 order-sm-1 order-1 mb-lg-0 mb-md-5 mb-sm-4 mb-4 col-lg-4 col-md-12 col-sm-12 col-12\">\n                        <div data-aos=\"fade-up\" class=\"price-box\">\n                <h3>Tienda 1.0<\/h3>\n                <p class=\"subtitle\">The best way to start.<\/p>\n                <div class=\"prices\">\n                                            <p class=\"price-from\">From<\/p>\n                                                    <p class=\"d-inline-block price-sale-price\">$1,280<\/p>\n                            <p class=\"d-inline-block price-price\">\n                                <span class=\"price\">$980<\/span>\n                                <span class=\"launch-price\">Launch price<\/span>\n                            <\/p>\n                                                            <\/div>\n                <p class=\"description\">Pay a <strong>$120<\/strong> deposit to start the service. The rest is paid when your store is ready to go live.<\/p>\n            <\/div>\n                            <div data-aos=\"fade-up\" class=\"mt-5 d-flex align-items-center justify-content-center\">\n                    <a class=\"btn btn-primary w-100\" href=\"https:\/\/www.xopifier.com\/en\/paso-1\/\" target=\"\" title=\"Start now\">\n                        Start now                    <\/a>\n                <\/div>\n            \n                            <div data-aos=\"fade-up\" class=\"mt-5 d-flex align-items-center justify-content-center\">\n                    <a class=\"link fw-semibold\" href=\"https:\/\/www.xopifier.com\/en\/tu-tienda-1-0\/\" target=\"\" title=\"What is Store 1.0?\">\n                        What is Store 1.0?                    <\/a>\n                <\/div>\n                    <\/div>\n    <\/div>\n<\/div>\n\n\n<div style=\"height:50px\" aria-hidden=\"true\" class=\"wp-block-spacer\"><\/div>\n\n\n    <div data-aos=\"fade-up\" class=\"d-flex align-items-center justify-content-center\">\n        <a class=\"btn btn-primary big\" href=\"https:\/\/www.xopifier.com\/en\/paso-1\/\" target=\"\" title=\"Start now\">\n            Start now        <\/a>\n    <\/div>\n\n\n\n<div style=\"height:120px\" aria-hidden=\"true\" class=\"wp-block-spacer price-separator\"><\/div>\n\n\n<div id=\"startnow\" class=\"price-block container-fluid px-0 style-1\">\n\n    <div class=\"row\">\n\n        <div class=\"col-12\">\n            <div class=\"container px-md-0 px-sm-auto px-auto\">\n                <div class=\"row position-relative\">\n                    <div data-aos=\"fade-up\" class=\"col-md-10 col-sm-12 col-12 offset-md-1 offset-sm-0 offset-0 d-flex flex-column justify-content-center align-items-center text-center\">\n                        <h2>Start today with Xopifier<\/h2>\n                                                    <p>Take the first big step to make your Shopify store a reality. <br>Activate the service now for just $120<\/p>\n                                            <\/div>\n\n                    <div data-aos=\"fade-up\" class=\"col-12 d-flex flex-column justify-content-center align-items-center text-center\">\n                                                                    <\/div>\n\n                    <div data-aos=\"fade-up\" class=\"col-md-10 col-sm-12 col-12 offset-md-1 offset-sm-0 offset-0 d-flex flex-column justify-content-center align-items-center text-center\">\n                                                                            <div class=\"row button-group w-100\">\n                                <div class=\"col-12 p-0 text-center d-flex flex-lg-row flex-md-column flex-sm-column flex-column align-content-center justify-content-center gap-4 mb-lg-0 mb-md-3 mb-sm-3 mb-3 mt-md-0 mt-sm-3 mt-3\">\n                                                                            <a class=\"btn btn-secondary\" href=\"https:\/\/www.xopifier.com\/en\/paso-1\/\" target=\"\" title=\"Get Started\">\n                                            Get Started                                        <\/a>\n                                                                    <\/div>\n                            <\/div>\n                                                                    <\/div>\n                <\/div>\n            <\/div>\n        <\/div>\n\n\t<\/div>\n\n<\/div>\n\n<div id=\"faqs\" class=\"container-fluid px-0 faqs\">\n    <div class=\"row\">\n        <div class=\"col-12\">\n            <div class=\"container\">\n                <div class=\"row\">\n                    <div class=\"col-12\">\n                                                <h3 class=\"small text-center justify-content-center fw-semibold\" data-aos=\"fade-up\">FAQs<\/h3>\n                        <div class=\"accordion accordion-flush\" id=\"accordionFAQs\">\n                                                                                                    <div class=\"accordion-item\" data-aos=\"fade-up\">\n                                            <h2 class=\"accordion-header\" id=\"heading-0\">\n                                                <button class=\"accordion-button collapsed\" type=\"button\" data-bs-toggle=\"collapse\" data-bs-target=\"#collapse-0\" aria-expanded=\"false\" aria-controls=\"collapse-0\">\n                                                    \u00bfQu\u00e9 me entregar\u00e1 Xopifier?                                                <\/button>\n                                            <\/h2>\n                                            <div id=\"collapse-0\" class=\"accordion-collapse collapse\" aria-labelledby=\"heading-0\" data-bs-parent=\"#accordionFAQs\">\n                                                <div class=\"accordion-body\">\n                                                    \n<p>La primera versi\u00f3n (&#8220;1.0&#8221;) de tu tienda, con la configuraci\u00f3n, contenido y dise\u00f1o que elijas y valides, instalada en Shopify, funcionando y preparada con lo b\u00e1sico para que puedas empezar a vender.<br><br>Puedes ver las <a href=\"https:\/\/www.xopifier.com\/en\/tu-tienda-1-0\/\" data-type=\"page\" data-id=\"1543\">secciones y funcionalidades que incluye tu <strong>Tienda 1.0<\/strong><\/a>.<br><br>S\u00f3lo dejamos en tus manos -por lo delicado de los datos- la configuraci\u00f3n de tus m\u00e9todos de pago y env\u00edo; nosotros te guiamos para que lo hagas f\u00e1cilmente.<\/p>\n                                                <\/div>\n                                            <\/div>\n                                        <\/div>\n                                                                        <div class=\"accordion-item\" data-aos=\"fade-up\">\n                                            <h2 class=\"accordion-header\" id=\"heading-1\">\n                                                <button class=\"accordion-button collapsed\" type=\"button\" data-bs-toggle=\"collapse\" data-bs-target=\"#collapse-1\" aria-expanded=\"false\" aria-controls=\"collapse-1\">\n                                                    \u00bfNecesito tener cuenta en Shopify para usar Xopifier?                                                <\/button>\n                                            <\/h2>\n                                            <div id=\"collapse-1\" class=\"accordion-collapse collapse\" aria-labelledby=\"heading-1\" data-bs-parent=\"#accordionFAQs\">\n                                                <div class=\"accordion-body\">\n                                                    \n<p>No.<\/p>\n\n\n\n<p>Si ya tienes cuenta en Shopify te pediremos acceso como colaboradores para instalar tu<strong> <a href=\"https:\/\/www.xopifier.com\/en\/tu-tienda-1-0\/\" data-type=\"page\" data-id=\"1543\">Tienda 1.0<\/a><\/strong>.<\/p>\n\n\n\n<p>Y si no la tienes, la creamos por ti como parte del servicio. En este caso, al recibir tu <strong>Tienda 1.0<\/strong> lista podr\u00e1s escoger si en ese momento te entregamos los accesos para que t\u00fa la sigas administrando; o si contratas un <a href=\"https:\/\/www.xopifier.com\/en\/precios\/\" data-type=\"page\" data-id=\"1545\"><strong>Plan Subscriber<\/strong><\/a> para que nosotros la actualicemos por ti por una tarifa mensual.<\/p>\n\n\n\n<p><\/p>\n                                                <\/div>\n                                            <\/div>\n                                        <\/div>\n                                                                        <div class=\"accordion-item\" data-aos=\"fade-up\">\n                                            <h2 class=\"accordion-header\" id=\"heading-2\">\n                                                <button class=\"accordion-button collapsed\" type=\"button\" data-bs-toggle=\"collapse\" data-bs-target=\"#collapse-2\" aria-expanded=\"false\" aria-controls=\"collapse-2\">\n                                                    \u00bfPor qu\u00e9 s\u00f3lo funciona con Shopify?                                                <\/button>\n                                            <\/h2>\n                                            <div id=\"collapse-2\" class=\"accordion-collapse collapse\" aria-labelledby=\"heading-2\" data-bs-parent=\"#accordionFAQs\">\n                                                <div class=\"accordion-body\">\n                                                    \n<p>Porque es, sin duda, la mejor plataforma para crear y desarrollar una tienda en l\u00ednea.<\/p>\n\n\n\n<p>Tiene muy bien resuelto todo lo esencial, es estable, r\u00e1pida y te aseguras de estar siempre al d\u00eda con actualizaciones y tendencias de E-commerce. S\u00f3lo requieres una buena configuraci\u00f3n inicial que te permita sacarle partido, que es justamente lo que hace Xopifier.<\/p>\n\n\n\n<p><\/p>\n                                                <\/div>\n                                            <\/div>\n                                        <\/div>\n                                                                        <div class=\"accordion-item\" data-aos=\"fade-up\">\n                                            <h2 class=\"accordion-header\" id=\"heading-3\">\n                                                <button class=\"accordion-button collapsed\" type=\"button\" data-bs-toggle=\"collapse\" data-bs-target=\"#collapse-3\" aria-expanded=\"false\" aria-controls=\"collapse-3\">\n                                                    \u00bfXopifier involucra m\u00e1s pagos en el futuro?                                                <\/button>\n                                            <\/h2>\n                                            <div id=\"collapse-3\" class=\"accordion-collapse collapse\" aria-labelledby=\"heading-3\" data-bs-parent=\"#accordionFAQs\">\n                                                <div class=\"accordion-body\">\n                                                    \n<p>Si s\u00f3lo quieres crear tu <strong><a href=\"https:\/\/www.xopifier.com\/en\/tu-tienda-1-0\/\" data-type=\"page\" data-id=\"1543\">Tienda 1.0<\/a><\/strong>, Xopifier involucra un solo pago, dividido en dos partes (un adelanto fijo de $120 al activar el servicio y el resto cuando recibes tu <strong>Tienda 1.0<\/strong> lista).<\/p>\n\n\n\n<p>Si adicionalmente deseas que luego sigamos actualizando la tienda por ti, puedes sumar el <strong><a href=\"https:\/\/www.xopifier.com\/en\/precios\/\" data-type=\"page\" data-id=\"1545\">Plan Subscriber<\/a><\/strong> y dividir el costo de la creaci\u00f3n y gesti\u00f3n de tu tienda en cuotas mensuales.<\/p>\n\n\n\n<p>T\u00fa decides el esquema que m\u00e1s te acomode.&nbsp;<br>Si quieres profundizar sobre esto, te recomendamos <a href=\"https:\/\/www.xopifier.com\/en\/precios\/\" data-type=\"page\" data-id=\"1545\">ver nuestros precios<\/a>.<\/p>\n                                                <\/div>\n                                            <\/div>\n                                        <\/div>\n                                                                        <div class=\"accordion-item\" data-aos=\"fade-up\">\n                                            <h2 class=\"accordion-header\" id=\"heading-4\">\n                                                <button class=\"accordion-button collapsed\" type=\"button\" data-bs-toggle=\"collapse\" data-bs-target=\"#collapse-4\" aria-expanded=\"false\" aria-controls=\"collapse-4\">\n                                                    \u00bfPuedo agregar m\u00e1s productos y secciones a mi Tienda 1.0 una vez creada?                                                <\/button>\n                                            <\/h2>\n                                            <div id=\"collapse-4\" class=\"accordion-collapse collapse\" aria-labelledby=\"heading-4\" data-bs-parent=\"#accordionFAQs\">\n                                                <div class=\"accordion-body\">\n                                                    \n<p>S\u00ed. \u00a1Es lo que esperamos que hagas! \ud83d\ude09<\/p>\n\n\n\n<p>En Shopify es muy f\u00e1cil agregar nuevos productos o editar lo que sea, una vez que tienes una buena base. Tu <strong><a href=\"https:\/\/www.xopifier.com\/en\/tu-tienda-1-0\/\" data-type=\"page\" data-id=\"1543\">Tienda 1.0<\/a><\/strong> es esa buena base. Por lo tanto no tendr\u00e1s problemas para hacerlo.<\/p>\n\n\n\n<p>Ahora, si prefieres que sigamos actualizando la tienda por ti, puedes sumar el <strong><a href=\"https:\/\/www.xopifier.com\/en\/precios\/\" data-type=\"page\" data-id=\"1545\">Plan Subscriber<\/a><\/strong>. En caso que tomes esa decisi\u00f3n, te garantizamos que ser\u00e1 por un asunto de foco y cuidado del tiempo que destinas a asuntos m\u00e1s estrat\u00e9gicos de tu negocio, no porque sea dif\u00edcil actualizar y hacer crecer tu <strong>Tienda 1.0<\/strong>.<\/p>\n\n\n\n<p><\/p>\n                                                <\/div>\n                                            <\/div>\n                                        <\/div>\n                                                                        <div class=\"accordion-item\" data-aos=\"fade-up\">\n                                            <h2 class=\"accordion-header\" id=\"heading-5\">\n                                                <button class=\"accordion-button collapsed\" type=\"button\" data-bs-toggle=\"collapse\" data-bs-target=\"#collapse-5\" aria-expanded=\"false\" aria-controls=\"collapse-5\">\n                                                    \u00bfMi Tienda 1.0 funciona como un subdominio de Shopify o se aloja en un dominio propio?                                                <\/button>\n                                            <\/h2>\n                                            <div id=\"collapse-5\" class=\"accordion-collapse collapse\" aria-labelledby=\"heading-5\" data-bs-parent=\"#accordionFAQs\">\n                                                <div class=\"accordion-body\">\n                                                    \n<p>Eso depende de ti.<\/p>\n\n\n\n<p>Si tienes tu propio dominio, te lo pediremos como parte del proceso para dejar tu <strong><a href=\"https:\/\/www.xopifier.com\/en\/tu-tienda-1-0\/\" data-type=\"page\" data-id=\"1543\">Tienda 1.0<\/a><\/strong> funcionando en \u00e9l.<\/p>\n\n\n\n<p>Si no lo tienes, te recomendamos conseguirlo (te guiaremos en eso, es muy sencillo y no necesitas contar con \u00e9l para activar el servicio de Xopifier), ya que un dominio propio de tu marca es parte esencial del buen posicionamiento de un negocio online.<\/p>\n\n\n\n<p>Finalmente, si prefieres, tambi\u00e9n tienes la opci\u00f3n de que tu <strong>Tienda 1.0<\/strong> funcione como subdominio de Shopify, con el nombre \u201cnombredemitienda\u201d.myshopify.com. No tiene costo extra.<\/p>\n                                                <\/div>\n                                            <\/div>\n                                        <\/div>\n                                                                                    <\/div>\n                    <\/div>\n                <\/div>\n            <\/div>\n        <\/div>\n    <\/div>\n<\/div>\n\n<div id=\"price\" class=\"price-block container-fluid px-0 style-3\">\n\n    <div class=\"row\">\n\n        <div class=\"col-12\">\n            <div class=\"container px-md-0 px-sm-auto px-auto\">\n                <div class=\"row position-relative\">\n                    <div data-aos=\"fade-up\" class=\"col-md-10 col-sm-12 col-12 offset-md-1 offset-sm-0 offset-0 d-flex flex-column justify-content-center align-items-center text-center\">\n                        <h2>Get started now, from USD $980<\/h2>\n                                                    <p>Choose the option that fits you best and take the first step toward  your Shopify store.<\/p>\n                                            <\/div>\n\n                    <div data-aos=\"fade-up\" class=\"col-12 d-flex flex-column justify-content-center align-items-center text-center\">\n                                                                            <div class=\"row columns-group\">\n                                                                                                            <div class=\"offset-lg-0 offset-md-3 offset-sm-0 offset-0 col-lg-4 col-md-6 col-sm-12 col-12 d-flex flex-column align-items-center justify-content-start mb-lg-0 mb-md-4 mb-sm-4 mb-4\">\n                                                                                                                    <div class=\"column-item w-100\" target=\"https:\/\/www.xopifier.com\/en\/paso-1\/?step=2&#038;opt=0\">\n                                            <h3>I want to start selling online<\/h3>\n                                            <p>I don&#8217;t have my own store yet, nor do I sell on marketplaces.<\/p>\n                                        <\/div>\n                                    <\/div>\n                                                                                                            <div class=\"offset-lg-0 offset-md-3 offset-sm-0 offset-0 col-lg-4 col-md-6 col-sm-12 col-12 d-flex flex-column align-items-center justify-content-start mb-lg-0 mb-md-4 mb-sm-4 mb-4\">\n                                                                                                                    <div class=\"column-item w-100\" target=\"https:\/\/www.xopifier.com\/en\/paso-1\/?step=2&#038;opt=1\">\n                                            <h3>I already sell on a marketplace<\/h3>\n                                            <p>Ex: Etsy, Facebook, Instagram or another platform.<\/p>\n                                        <\/div>\n                                    <\/div>\n                                                                                                            <div class=\"offset-lg-0 offset-md-3 offset-sm-0 offset-0 col-lg-4 col-md-6 col-sm-12 col-12 d-flex flex-column align-items-center justify-content-start mb-lg-0 mb-md-4 mb-sm-4 mb-4\">\n                                                                                                                    <div class=\"column-item w-100\" target=\"https:\/\/www.xopifier.com\/en\/paso-1\/?step=2&#038;opt=2\">\n                                            <h3>I already have a store and want to improve it<\/h3>\n                                            <p>I want to migrate or upgrade it on Shopify.<\/p>\n                                        <\/div>\n                                    <\/div>\n                                                            <\/div>\n                                            <\/div>\n\n                    <div data-aos=\"fade-up\" class=\"col-md-10 col-sm-12 col-12 offset-md-1 offset-sm-0 offset-0 d-flex flex-column justify-content-center align-items-center text-center\">\n                                                                                            <\/div>\n                <\/div>\n            <\/div>\n        <\/div>\n\n\t<\/div>\n\n<\/div>","protected":false},"excerpt":{"rendered":"<p>Clear prices. Complete services. Find out how much it costs to launch your store with Xopifier and what each service [&hellip;]<\/p>\n","protected":false},"author":1,"featured_media":0,"parent":0,"menu_order":0,"comment_status":"closed","ping_status":"closed","template":"page-inner.php","meta":{"_acf_changed":false,"inline_featured_image":false,"footnotes":""},"class_list":["post-2639","page","type-page","status-publish","hentry"],"acf":[],"_links":{"self":[{"href":"https:\/\/www.xopifier.com\/en\/wp-json\/wp\/v2\/pages\/2639","targetHints":{"allow":["GET"]}}],"collection":[{"href":"https:\/\/www.xopifier.com\/en\/wp-json\/wp\/v2\/pages"}],"about":[{"href":"https:\/\/www.xopifier.com\/en\/wp-json\/wp\/v2\/types\/page"}],"author":[{"embeddable":true,"href":"https:\/\/www.xopifier.com\/en\/wp-json\/wp\/v2\/users\/1"}],"replies":[{"embeddable":true,"href":"https:\/\/www.xopifier.com\/en\/wp-json\/wp\/v2\/comments?post=2639"}],"version-history":[{"count":11,"href":"https:\/\/www.xopifier.com\/en\/wp-json\/wp\/v2\/pages\/2639\/revisions"}],"predecessor-version":[{"id":3243,"href":"https:\/\/www.xopifier.com\/en\/wp-json\/wp\/v2\/pages\/2639\/revisions\/3243"}],"wp:attachment":[{"href":"https:\/\/www.xopifier.com\/en\/wp-json\/wp\/v2\/media?parent=2639"}],"curies":[{"name":"wp","href":"https:\/\/api.w.org\/{rel}","templated":true}]}}